{"id":644,"date":"2025-04-22T10:31:02","date_gmt":"2025-04-22T10:31:02","guid":{"rendered":"https:\/\/boomboxspain.com\/?page_id=644"},"modified":"2025-09-30T21:19:42","modified_gmt":"2025-09-30T21:19:42","slug":"politica-de-privacidad","status":"publish","type":"page","link":"https:\/\/boomboxspain.com\/?page_id=644","title":{"rendered":"Pol\u00edtica de privacidad"},"content":{"rendered":"\t\t<div data-elementor-type=\"wp-page\" data-elementor-id=\"644\" class=\"elementor elementor-644\">\n\t\t\t\t\t\t<section class=\"elementor-section elementor-top-section elementor-element elementor-element-18e18e310 elementor-section-height-min-height elementor-section-boxed elementor-section-height-default elementor-section-items-middle wpr-particle-no wpr-jarallax-no wpr-parallax-no wpr-sticky-section-no wpr-equal-height-no\" data-id=\"18e18e310\" data-element_type=\"section\" data-e-type=\"section\" data-settings=\"{&quot;background_background&quot;:&quot;classic&quot;}\">\n\t\t\t\t\t\t\t<div class=\"elementor-background-overlay\"><\/div>\n\t\t\t\t\t\t\t<div class=\"elementor-container elementor-column-gap-default\">\n\t\t\t\t\t<div class=\"elementor-column elementor-col-100 elementor-top-column elementor-element elementor-element-1a32cab6\" data-id=\"1a32cab6\" data-element_type=\"column\" data-e-type=\"column\">\n\t\t\t<div class=\"elementor-widget-wrap elementor-element-populated\">\n\t\t\t\t\t\t<div class=\"elementor-element elementor-element-1fe2f7fa elementor-widget elementor-widget-heading\" data-id=\"1fe2f7fa\" data-element_type=\"widget\" data-e-type=\"widget\" data-widget_type=\"heading.default\">\n\t\t\t\t<div class=\"elementor-widget-container\">\n\t\t\t\t\t<h2 class=\"elementor-heading-title elementor-size-default\">Pol\u00edtica de privacidad y aviso legal<\/h2>\t\t\t\t<\/div>\n\t\t\t\t<\/div>\n\t\t\t\t\t<\/div>\n\t\t<\/div>\n\t\t\t\t\t<\/div>\n\t\t<\/section>\n\t\t\t\t<section class=\"elementor-section elementor-top-section elementor-element elementor-element-7afc9d8f elementor-section-boxed elementor-section-height-default elementor-section-height-default wpr-particle-no wpr-jarallax-no wpr-parallax-no wpr-sticky-section-no wpr-equal-height-no\" data-id=\"7afc9d8f\" data-element_type=\"section\" data-e-type=\"section\">\n\t\t\t\t\t\t<div class=\"elementor-container elementor-column-gap-default\">\n\t\t\t\t\t<div class=\"elementor-column elementor-col-100 elementor-top-column elementor-element elementor-element-71f1854b\" data-id=\"71f1854b\" data-element_type=\"column\" data-e-type=\"column\">\n\t\t\t<div class=\"elementor-widget-wrap elementor-element-populated\">\n\t\t\t\t\t\t<div class=\"elementor-element elementor-element-e38ab12 elementor-widget elementor-widget-heading\" data-id=\"e38ab12\" data-element_type=\"widget\" data-e-type=\"widget\" data-widget_type=\"heading.default\">\n\t\t\t\t<div class=\"elementor-widget-container\">\n\t\t\t\t\t<h2 class=\"elementor-heading-title elementor-size-default\">Pol\u00edtica de Privacidad\n<\/h2>\t\t\t\t<\/div>\n\t\t\t\t<\/div>\n\t\t\t\t<div class=\"elementor-element elementor-element-466d417c elementor-widget elementor-widget-text-editor\" data-id=\"466d417c\" data-element_type=\"widget\" data-e-type=\"widget\" data-widget_type=\"text-editor.default\">\n\t\t\t\t<div class=\"elementor-widget-container\">\n\t\t\t\t\t\t\t\t\t<p class=\"\" data-start=\"198\" data-end=\"497\">En <strong data-start=\"201\" data-end=\"219\">Boom Box Spain<\/strong> nos tomamos muy en serio la protecci\u00f3n de tus datos personales y el cumplimiento de la normativa vigente, en especial el <strong data-start=\"341\" data-end=\"393\">Reglamento General de Protecci\u00f3n de Datos (RGPD)<\/strong> y la <strong data-start=\"399\" data-end=\"496\">Ley Org\u00e1nica de Protecci\u00f3n de Datos Personales y garant\u00eda de los derechos digitales (LOPDGDD)<\/strong>.<\/p><p class=\"\" data-start=\"499\" data-end=\"633\">Al navegar por nuestra web o realizar una compra, aceptas esta Pol\u00edtica de Privacidad, por lo que te recomendamos leerla con atenci\u00f3n.<\/p><h2 class=\"\" data-start=\"635\" data-end=\"667\">Responsable del tratamiento<\/h2><p class=\"\" data-start=\"668\" data-end=\"794\"><strong data-start=\"668\" data-end=\"686\">Boom Box Spain es propiedad de:\u00a0<\/strong><\/p><p class=\"\" data-start=\"668\" data-end=\"794\"><strong data-start=\"668\" data-end=\"686\">Grupo innova &amp; invest s.l.\u00a0<\/strong><\/p><p class=\"\" data-start=\"668\" data-end=\"794\"><b>B19871201<\/b><\/p><p class=\"\" data-start=\"668\" data-end=\"794\"><span style=\"font-size: 14px;\">correo de contacto: [<\/span><a style=\"font-size: 14px; background-color: #ffffff;\" rel=\"noopener\">boombox.spain25@gmail.com<\/a><span style=\"font-size: 14px;\">]<\/span><\/p><p class=\"\" data-start=\"668\" data-end=\"794\">Direcci\u00f3n: [Plaza David mart\u00edn, 1 , pinto, madrid]<\/p><h2 class=\"\" data-start=\"796\" data-end=\"826\">Finalidad del tratamiento<\/h2><p class=\"\" data-start=\"827\" data-end=\"914\">Los datos personales que nos facilitas ser\u00e1n utilizados con las siguientes finalidades:<\/p><ul data-start=\"916\" data-end=\"1149\"><li class=\"\" data-start=\"916\" data-end=\"959\"><p class=\"\" data-start=\"918\" data-end=\"959\">Gestionar la compra y env\u00edo de productos.<\/p><\/li><li class=\"\" data-start=\"960\" data-end=\"992\"><p class=\"\" data-start=\"962\" data-end=\"992\">Tramitar facturaci\u00f3n y cobros.<\/p><\/li><li class=\"\" data-start=\"993\" data-end=\"1027\"><p class=\"\" data-start=\"995\" data-end=\"1027\">Atender consultas y solicitudes.<\/p><\/li><li class=\"\" data-start=\"1028\" data-end=\"1149\"><p class=\"\" data-start=\"1030\" data-end=\"1149\">Enviar comunicaciones comerciales relacionadas con nuestros productos y servicios (solo si has dado tu consentimiento).<\/p><\/li><\/ul><h2 class=\"\" data-start=\"1151\" data-end=\"1168\">Legitimaci\u00f3n<\/h2><p class=\"\" data-start=\"1169\" data-end=\"1208\">El tratamiento de tus datos se basa en:<\/p><ul data-start=\"1210\" data-end=\"1371\"><li class=\"\" data-start=\"1210\" data-end=\"1255\"><p class=\"\" data-start=\"1212\" data-end=\"1255\">La ejecuci\u00f3n de un contrato de compraventa.<\/p><\/li><li class=\"\" data-start=\"1256\" data-end=\"1328\"><p class=\"\" data-start=\"1258\" data-end=\"1328\">El consentimiento expreso para el env\u00edo de comunicaciones comerciales.<\/p><\/li><li class=\"\" data-start=\"1329\" data-end=\"1371\"><p class=\"\" data-start=\"1331\" data-end=\"1371\">El cumplimiento de obligaciones legales.<\/p><\/li><\/ul><h2 class=\"\" data-start=\"1373\" data-end=\"1399\">Conservaci\u00f3n de datos<\/h2><p class=\"\" data-start=\"1400\" data-end=\"1572\">Tus datos ser\u00e1n conservados mientras dure la relaci\u00f3n comercial y durante el plazo legal necesario para el cumplimiento de nuestras obligaciones fiscales y administrativas.<\/p><h2 class=\"\" data-start=\"1574\" data-end=\"1605\">Destinatarios de los datos<\/h2><p class=\"\" data-start=\"1606\" data-end=\"1809\">Tus datos no ser\u00e1n cedidos a terceros, salvo en los casos estrictamente necesarios para la correcta ejecuci\u00f3n de la venta (por ejemplo, empresas de transporte o pasarelas de pago) o por obligaci\u00f3n legal.<\/p><h2 class=\"\" data-start=\"1811\" data-end=\"1836\">Derechos del usuario<\/h2><p class=\"\" data-start=\"1837\" data-end=\"1854\">Tienes derecho a:<\/p><ul data-start=\"1856\" data-end=\"2112\"><li class=\"\" data-start=\"1856\" data-end=\"1889\"><p class=\"\" data-start=\"1858\" data-end=\"1889\">Acceder a tus datos personales.<\/p><\/li><li class=\"\" data-start=\"1890\" data-end=\"1938\"><p class=\"\" data-start=\"1892\" data-end=\"1938\">Solicitar la rectificaci\u00f3n de datos inexactos.<\/p><\/li><li class=\"\" data-start=\"1939\" data-end=\"2003\"><p class=\"\" data-start=\"1941\" data-end=\"2003\">Solicitar su supresi\u00f3n cuando los datos ya no sean necesarios.<\/p><\/li><li class=\"\" data-start=\"2004\" data-end=\"2053\"><p class=\"\" data-start=\"2006\" data-end=\"2053\">Oponerte o limitar el tratamiento de tus datos.<\/p><\/li><li class=\"\" data-start=\"2054\" data-end=\"2112\"><p class=\"\" data-start=\"2056\" data-end=\"2112\">Solicitar la portabilidad de tus datos a otro proveedor.<\/p><\/li><\/ul><p class=\"\" data-start=\"2114\" data-end=\"2291\">Puedes ejercer tus derechos enviando un correo electr\u00f3nico a: [<a rel=\"noopener\">tuemail@boomboxspain.com<\/a>], indicando claramente tu solicitud y acompa\u00f1ando una copia de tu documento de identidad.<\/p><h2 class=\"\" data-start=\"2293\" data-end=\"2320\">Seguridad de los datos<\/h2><p class=\"\" data-start=\"2321\" data-end=\"2529\"><strong data-start=\"2321\" data-end=\"2339\">Boom Box Spain<\/strong> adopta todas las medidas t\u00e9cnicas y organizativas necesarias para garantizar la seguridad y confidencialidad de tus datos personales, evitando su p\u00e9rdida, alteraci\u00f3n o acceso no autorizado.<\/p><h2 class=\"\" data-start=\"2531\" data-end=\"2572\">Cambios en la pol\u00edtica de privacidad<\/h2><p class=\"\" data-start=\"2573\" data-end=\"2737\">Nos reservamos el derecho a modificar esta pol\u00edtica para adaptarla a cambios legislativos o a las pr\u00e1cticas de la empresa. Te recomendamos revisarla peri\u00f3dicamente.<\/p>\t\t\t\t\t\t\t\t<\/div>\n\t\t\t\t<\/div>\n\t\t\t\t\t<\/div>\n\t\t<\/div>\n\t\t\t\t\t<\/div>\n\t\t<\/section>\n\t\t\t\t<section class=\"elementor-section elementor-top-section elementor-element elementor-element-csopuwq elementor-section-boxed elementor-section-height-default elementor-section-height-default wpr-particle-no wpr-jarallax-no wpr-parallax-no wpr-sticky-section-no wpr-equal-height-no\" data-id=\"csopuwq\" data-element_type=\"section\" data-e-type=\"section\" data-settings=\"{&quot;background_background&quot;:&quot;classic&quot;}\">\n\t\t\t\t\t\t<div class=\"elementor-container elementor-column-gap-default\">\n\t\t\t\t\t<div class=\"elementor-column elementor-col-100 elementor-top-column elementor-element elementor-element-a8ba85f\" data-id=\"a8ba85f\" data-element_type=\"column\" data-e-type=\"column\">\n\t\t\t<div class=\"elementor-widget-wrap elementor-element-populated\">\n\t\t\t\t\t\t<div class=\"elementor-element elementor-element-15f4991 elementor-widget__width-auto elementor-widget elementor-widget-heading\" data-id=\"15f4991\" data-element_type=\"widget\" data-e-type=\"widget\" data-widget_type=\"heading.default\">\n\t\t\t\t<div class=\"elementor-widget-container\">\n\t\t\t\t\t<h4 class=\"elementor-heading-title elementor-size-medium\">aviso legal y propiedad<\/h4>\t\t\t\t<\/div>\n\t\t\t\t<\/div>\n\t\t\t\t<div class=\"elementor-element elementor-element-39eb1d0 elementor-widget elementor-widget-heading\" data-id=\"39eb1d0\" data-element_type=\"widget\" data-e-type=\"widget\" data-widget_type=\"heading.default\">\n\t\t\t\t<div class=\"elementor-widget-container\">\n\t\t\t\t\t<h2 class=\"elementor-heading-title elementor-size-default\">Explicaci\u00f3n sobre el sitio web<\/h2>\t\t\t\t<\/div>\n\t\t\t\t<\/div>\n\t\t\t\t<div class=\"elementor-element elementor-element-f25d51b elementor-widget-divider--view-line elementor-widget elementor-widget-divider\" data-id=\"f25d51b\" data-element_type=\"widget\" data-e-type=\"widget\" data-widget_type=\"divider.default\">\n\t\t\t\t<div class=\"elementor-widget-container\">\n\t\t\t\t\t\t\t<div class=\"elementor-divider\">\n\t\t\t<span class=\"elementor-divider-separator\">\n\t\t\t\t\t\t<\/span>\n\t\t<\/div>\n\t\t\t\t\t\t<\/div>\n\t\t\t\t<\/div>\n\t\t\t\t<div class=\"elementor-element elementor-element-42608b1 elementor-widget__width-initial elementor-widget elementor-widget-text-editor\" data-id=\"42608b1\" data-element_type=\"widget\" data-e-type=\"widget\" data-widget_type=\"text-editor.default\">\n\t\t\t\t<div class=\"elementor-widget-container\">\n\t\t\t\t\t\t\t\t\t<p data-start=\"171\" data-end=\"385\">En cumplimiento con lo establecido en la Ley 34\/2002, de 11 de julio, de <strong data-start=\"244\" data-end=\"322\">Servicios de la Sociedad de la Informaci\u00f3n y Comercio Electr\u00f3nico (LSSICE)<\/strong>, se informa a los usuarios que este sitio web es propiedad de:<\/p><p data-start=\"387\" data-end=\"600\"><strong data-start=\"387\" data-end=\"399\">Titular:<\/strong> Carlos parejo<br data-start=\"414\" data-end=\"417\" \/><strong data-start=\"417\" data-end=\"429\">NIF\/CIF:<\/strong> [53460510T]<br data-start=\"444\" data-end=\"447\" \/><strong data-start=\"447\" data-end=\"461\">Direcci\u00f3n:<\/strong> [Plaza David Mart\u00edn 1, Pinto, madrid]<br data-start=\"483\" data-end=\"486\" \/><strong data-start=\"486\" data-end=\"521\">Correo electr\u00f3nico de contacto:<\/strong> [<a rel=\"noopener\">boombox.spain25@gmail.com<\/a>]<br data-start=\"548\" data-end=\"551\" \/><strong data-start=\"551\" data-end=\"576\">Tel\u00e9fono de contacto:<\/strong> [633524561]<\/p><hr data-start=\"602\" data-end=\"605\" \/><h2 data-start=\"607\" data-end=\"628\">Condiciones de uso<\/h2><p data-start=\"630\" data-end=\"886\">El acceso y uso de esta p\u00e1gina web atribuye la condici\u00f3n de usuario, lo que implica la aceptaci\u00f3n plena de todas las condiciones expuestas en este Aviso Legal. Si no est\u00e1s de acuerdo con alguna de estas condiciones, debes abstenerte de utilizar este sitio.<\/p><p data-start=\"888\" data-end=\"1081\">El usuario se compromete a hacer un uso adecuado del contenido y servicios que <strong data-start=\"967\" data-end=\"985\">Boom Box Spain<\/strong> ofrece a trav\u00e9s de su web y, con car\u00e1cter enunciativo pero no limitativo, a no emplearlos para:<\/p><ul data-start=\"1083\" data-end=\"1378\"><li data-start=\"1083\" data-end=\"1161\"><p data-start=\"1085\" data-end=\"1161\">Realizar actividades il\u00edcitas o contrarias a la buena fe y al orden p\u00fablico.<\/p><\/li><li data-start=\"1162\" data-end=\"1278\"><p data-start=\"1164\" data-end=\"1278\">Provocar da\u00f1os en los sistemas f\u00edsicos y l\u00f3gicos de <strong data-start=\"1216\" data-end=\"1234\">Boom Box Spain<\/strong>, de sus proveedores o de terceras personas.<\/p><\/li><li data-start=\"1279\" data-end=\"1378\"><p data-start=\"1281\" data-end=\"1378\">Introducir o difundir virus inform\u00e1ticos u otros sistemas que puedan da\u00f1ar la web o sus usuarios.<\/p><\/li><\/ul><hr data-start=\"1380\" data-end=\"1383\" \/><h2 data-start=\"1385\" data-end=\"1422\">Propiedad intelectual e industrial<\/h2><p data-start=\"1424\" data-end=\"1753\">Todos los contenidos de esta web, incluyendo textos, im\u00e1genes, gr\u00e1ficos, logos, iconos, software y dise\u00f1o gr\u00e1fico, son propiedad de <strong data-start=\"1556\" data-end=\"1574\">Boom Box Spain<\/strong> o de terceros que han autorizado su uso. Queda prohibida la reproducci\u00f3n, distribuci\u00f3n o modificaci\u00f3n total o parcial de estos contenidos sin la autorizaci\u00f3n expresa del titular.<\/p><hr data-start=\"1755\" data-end=\"1758\" \/><h2 data-start=\"1760\" data-end=\"1778\">Responsabilidad<\/h2><p data-start=\"1780\" data-end=\"1861\"><strong data-start=\"1780\" data-end=\"1798\">Boom Box Spain<\/strong> no se hace responsable de los da\u00f1os o perjuicios derivados de:<\/p><ul data-start=\"1863\" data-end=\"2080\"><li data-start=\"1863\" data-end=\"1923\"><p data-start=\"1865\" data-end=\"1923\">Fallos o desconexiones en las redes de telecomunicaciones.<\/p><\/li><li data-start=\"1924\" data-end=\"2011\"><p data-start=\"1926\" data-end=\"2011\">Interferencias o virus que puedan producir alteraciones en los sistemas inform\u00e1ticos.<\/p><\/li><li data-start=\"2012\" data-end=\"2080\"><p data-start=\"2014\" data-end=\"2080\">Uso indebido de la web o sus contenidos por parte de los usuarios.<\/p><\/li><\/ul><hr data-start=\"2082\" data-end=\"2085\" \/><h2 data-start=\"2087\" data-end=\"2106\">Enlaces externos<\/h2><p data-start=\"2108\" data-end=\"2322\">Este sitio web puede contener enlaces a p\u00e1ginas de terceros. <strong data-start=\"2169\" data-end=\"2187\">Boom Box Spain<\/strong> no se responsabiliza del contenido, exactitud o funcionamiento de dichos sitios, siendo responsabilidad exclusiva de sus propietarios.<\/p><hr data-start=\"2324\" data-end=\"2327\" \/><h2 data-start=\"2329\" data-end=\"2368\">Legislaci\u00f3n aplicable y jurisdicci\u00f3n<\/h2><p data-start=\"2370\" data-end=\"2659\">La relaci\u00f3n entre <strong data-start=\"2388\" data-end=\"2406\">Boom Box Spain<\/strong> y los usuarios se regir\u00e1 por la legislaci\u00f3n espa\u00f1ola. En caso de conflicto, ambas partes se someter\u00e1n a los juzgados y tribunales de [Ciudad donde est\u00e9 registrada la empresa], renunciando expresamente a cualquier otro fuero que pudiera corresponderles.<\/p>\t\t\t\t\t\t\t\t<\/div>\n\t\t\t\t<\/div>\n\t\t\t\t\t<\/div>\n\t\t<\/div>\n\t\t\t\t\t<\/div>\n\t\t<\/section>\n\t\t\t\t<\/div>\n\t\t","protected":false},"excerpt":{"rendered":"<p>Pol\u00edtica de privacidad y aviso legal Pol\u00edtica de Privacidad En Boom Box Spain nos tomamos muy en serio la protecci\u00f3n de tus datos personales y el cumplimiento de la normativa vigente, en especial el Reglamento General de Protecci\u00f3n de Datos (RGPD) y la Ley Org\u00e1nica de Protecci\u00f3n de Datos Personales y garant\u00eda de los derechos digitales (LOPDGDD). Al navegar por nuestra web o realizar una compra, aceptas esta Pol\u00edtica de Privacidad, por lo que te recomendamos leerla con atenci\u00f3n. Responsable del tratamiento Boom Box Spain es propiedad de:\u00a0 Grupo innova &amp; invest s.l.\u00a0 B19871201 correo de contacto: [boombox.spain25@gmail.com] Direcci\u00f3n: [Plaza David mart\u00edn, 1 , pinto, madrid] Finalidad del tratamiento Los datos personales que nos facilitas ser\u00e1n utilizados con las siguientes finalidades: Gestionar la compra y env\u00edo de productos. Tramitar facturaci\u00f3n y cobros. Atender consultas y solicitudes. Enviar comunicaciones comerciales relacionadas con nuestros productos y servicios (solo si has dado tu consentimiento). Legitimaci\u00f3n El tratamiento de tus datos se basa en: La ejecuci\u00f3n de un contrato de compraventa. El consentimiento expreso para el env\u00edo de comunicaciones comerciales. El cumplimiento de obligaciones legales. Conservaci\u00f3n de datos Tus datos ser\u00e1n conservados mientras dure la relaci\u00f3n comercial y durante el plazo legal necesario para el cumplimiento de nuestras obligaciones fiscales y administrativas. Destinatarios de los datos Tus datos no ser\u00e1n cedidos a terceros, salvo en los casos estrictamente necesarios para la correcta ejecuci\u00f3n de la venta (por ejemplo, empresas de transporte o pasarelas de pago) o por obligaci\u00f3n legal. Derechos del usuario Tienes derecho a: Acceder a tus datos personales. Solicitar la rectificaci\u00f3n de datos inexactos. Solicitar su supresi\u00f3n cuando los datos ya no sean necesarios. Oponerte o limitar el tratamiento de tus datos. Solicitar la portabilidad de tus datos a otro proveedor. Puedes ejercer tus derechos enviando un correo electr\u00f3nico a: [tuemail@boomboxspain.com], indicando claramente tu solicitud y acompa\u00f1ando una copia de tu documento de identidad. Seguridad de los datos Boom Box Spain adopta todas las medidas t\u00e9cnicas y organizativas necesarias para garantizar la seguridad y confidencialidad de tus datos personales, evitando su p\u00e9rdida, alteraci\u00f3n o acceso no autorizado. Cambios en la pol\u00edtica de privacidad Nos reservamos el derecho a modificar esta pol\u00edtica para adaptarla a cambios legislativos o a las pr\u00e1cticas de la empresa. Te recomendamos revisarla peri\u00f3dicamente. aviso legal y propiedad Explicaci\u00f3n sobre el sitio web En cumplimiento con lo establecido en la Ley 34\/2002, de 11 de julio, de Servicios de la Sociedad de la Informaci\u00f3n y Comercio Electr\u00f3nico (LSSICE), se informa a los usuarios que este sitio web es propiedad de: Titular: Carlos parejoNIF\/CIF: [53460510T]Direcci\u00f3n: [Plaza David Mart\u00edn 1, Pinto, madrid]Correo electr\u00f3nico de contacto: [boombox.spain25@gmail.com]Tel\u00e9fono de contacto: [633524561] Condiciones de uso El acceso y uso de esta p\u00e1gina web atribuye la condici\u00f3n de usuario, lo que implica la aceptaci\u00f3n plena de todas las condiciones expuestas en este Aviso Legal. Si no est\u00e1s de acuerdo con alguna de estas condiciones, debes abstenerte de utilizar este sitio. El usuario se compromete a hacer un uso adecuado del contenido y servicios que Boom Box Spain ofrece a trav\u00e9s de su web y, con car\u00e1cter enunciativo pero no limitativo, a no emplearlos para: Realizar actividades il\u00edcitas o contrarias a la buena fe y al orden p\u00fablico. Provocar da\u00f1os en los sistemas f\u00edsicos y l\u00f3gicos de Boom Box Spain, de sus proveedores o de terceras personas. Introducir o difundir virus inform\u00e1ticos u otros sistemas que puedan da\u00f1ar la web o sus usuarios. Propiedad intelectual e industrial Todos los contenidos de esta web, incluyendo textos, im\u00e1genes, gr\u00e1ficos, logos, iconos, software y dise\u00f1o gr\u00e1fico, son propiedad de Boom Box Spain o de terceros que han autorizado su uso. Queda prohibida la reproducci\u00f3n, distribuci\u00f3n o modificaci\u00f3n total o parcial de estos contenidos sin la autorizaci\u00f3n expresa del titular. Responsabilidad Boom Box Spain no se hace responsable de los da\u00f1os o perjuicios derivados de: Fallos o desconexiones en las redes de telecomunicaciones. Interferencias o virus que puedan producir alteraciones en los sistemas inform\u00e1ticos. Uso indebido de la web o sus contenidos por parte de los usuarios. Enlaces externos Este sitio web puede contener enlaces a p\u00e1ginas de terceros. Boom Box Spain no se responsabiliza del contenido, exactitud o funcionamiento de dichos sitios, siendo responsabilidad exclusiva de sus propietarios. Legislaci\u00f3n aplicable y jurisdicci\u00f3n La relaci\u00f3n entre Boom Box Spain y los usuarios se regir\u00e1 por la legislaci\u00f3n espa\u00f1ola. En caso de conflicto, ambas partes se someter\u00e1n a los juzgados y tribunales de [Ciudad donde est\u00e9 registrada la empresa], renunciando expresamente a cualquier otro fuero que pudiera corresponderles.<\/p>\n","protected":false},"author":1,"featured_media":0,"parent":0,"menu_order":0,"comment_status":"closed","ping_status":"closed","template":"","meta":{"_eb_attr":"","ocean_post_layout":"","ocean_both_sidebars_style":"","ocean_both_sidebars_content_width":0,"ocean_both_sidebars_sidebars_width":0,"ocean_sidebar":"","ocean_second_sidebar":"","ocean_disable_margins":"enable","ocean_add_body_class":"","ocean_shortcode_before_top_bar":"","ocean_shortcode_after_top_bar":"","ocean_shortcode_before_header":"","ocean_shortcode_after_header":"","ocean_has_shortcode":"","ocean_shortcode_after_title":"","ocean_shortcode_before_footer_widgets":"","ocean_shortcode_after_footer_widgets":"","ocean_shortcode_before_footer_bottom":"","ocean_shortcode_after_footer_bottom":"","ocean_display_top_bar":"default","ocean_display_header":"default","ocean_header_style":"","ocean_center_header_left_menu":"","ocean_custom_header_template":"","ocean_custom_logo":0,"ocean_custom_retina_logo":0,"ocean_custom_logo_max_width":0,"ocean_custom_logo_tablet_max_width":0,"ocean_custom_logo_mobile_max_width":0,"ocean_custom_logo_max_height":0,"ocean_custom_logo_tablet_max_height":0,"ocean_custom_logo_mobile_max_height":0,"ocean_header_custom_menu":"","ocean_menu_typo_font_family":"","ocean_menu_typo_font_subset":"","ocean_menu_typo_font_size":0,"ocean_menu_typo_font_size_tablet":0,"ocean_menu_typo_font_size_mobile":0,"ocean_menu_typo_font_size_unit":"px","ocean_menu_typo_font_weight":"","ocean_menu_typo_font_weight_tablet":"","ocean_menu_typo_font_weight_mobile":"","ocean_menu_typo_transform":"","ocean_menu_typo_transform_tablet":"","ocean_menu_typo_transform_mobile":"","ocean_menu_typo_line_height":0,"ocean_menu_typo_line_height_tablet":0,"ocean_menu_typo_line_height_mobile":0,"ocean_menu_typo_line_height_unit":"","ocean_menu_typo_spacing":0,"ocean_menu_typo_spacing_tablet":0,"ocean_menu_typo_spacing_mobile":0,"ocean_menu_typo_spacing_unit":"","ocean_menu_link_color":"","ocean_menu_link_color_hover":"","ocean_menu_link_color_active":"","ocean_menu_link_background":"","ocean_menu_link_hover_background":"","ocean_menu_link_active_background":"","ocean_menu_social_links_bg":"","ocean_menu_social_hover_links_bg":"","ocean_menu_social_links_color":"","ocean_menu_social_hover_links_color":"","ocean_disable_title":"default","ocean_disable_heading":"default","ocean_post_title":"","ocean_post_subheading":"","ocean_post_title_style":"","ocean_post_title_background_color":"","ocean_post_title_background":0,"ocean_post_title_bg_image_position":"","ocean_post_title_bg_image_attachment":"","ocean_post_title_bg_image_repeat":"","ocean_post_title_bg_image_size":"","ocean_post_title_height":0,"ocean_post_title_bg_overlay":0.5,"ocean_post_title_bg_overlay_color":"","ocean_disable_breadcrumbs":"default","ocean_breadcrumbs_color":"","ocean_breadcrumbs_separator_color":"","ocean_breadcrumbs_links_color":"","ocean_breadcrumbs_links_hover_color":"","ocean_display_footer_widgets":"default","ocean_display_footer_bottom":"default","ocean_custom_footer_template":"","footnotes":""},"class_list":["post-644","page","type-page","status-publish","hentry","entry","owp-thumbs-layout-horizontal","owp-btn-big","owp-tabs-layout-horizontal","has-no-thumbnails","has-product-nav"],"jetpack_sharing_enabled":true,"_links":{"self":[{"href":"https:\/\/boomboxspain.com\/index.php?rest_route=\/wp\/v2\/pages\/644","targetHints":{"allow":["GET"]}}],"collection":[{"href":"https:\/\/boomboxspain.com\/index.php?rest_route=\/wp\/v2\/pages"}],"about":[{"href":"https:\/\/boomboxspain.com\/index.php?rest_route=\/wp\/v2\/types\/page"}],"author":[{"embeddable":true,"href":"https:\/\/boomboxspain.com\/index.php?rest_route=\/wp\/v2\/users\/1"}],"replies":[{"embeddable":true,"href":"https:\/\/boomboxspain.com\/index.php?rest_route=%2Fwp%2Fv2%2Fcomments&post=644"}],"version-history":[{"count":16,"href":"https:\/\/boomboxspain.com\/index.php?rest_route=\/wp\/v2\/pages\/644\/revisions"}],"predecessor-version":[{"id":2726,"href":"https:\/\/boomboxspain.com\/index.php?rest_route=\/wp\/v2\/pages\/644\/revisions\/2726"}],"wp:attachment":[{"href":"https:\/\/boomboxspain.com\/index.php?rest_route=%2Fwp%2Fv2%2Fmedia&parent=644"}],"curies":[{"name":"wp","href":"https:\/\/api.w.org\/{rel}","templated":true}]}}