{"id":8,"date":"2025-04-10T17:57:31","date_gmt":"2025-04-10T17:57:31","guid":{"rendered":"https:\/\/boomboxspain.com\/?page_id=8"},"modified":"2025-04-18T15:41:03","modified_gmt":"2025-04-18T15:41:03","slug":"carrito","status":"publish","type":"page","link":"https:\/\/boomboxspain.com\/?page_id=8","title":{"rendered":"Carrito"},"content":{"rendered":"\t\t<div data-elementor-type=\"wp-page\" data-elementor-id=\"8\" class=\"elementor elementor-8\">\n\t\t\t\t\t\t<section class=\"elementor-section elementor-top-section elementor-element elementor-element-5dswzwo elementor-section-content-middle elementor-reverse-mobile elementor-section-boxed elementor-section-height-default elementor-section-height-default wpr-particle-no wpr-jarallax-no wpr-parallax-no wpr-sticky-section-no\" data-id=\"5dswzwo\" data-element_type=\"section\" data-e-type=\"section\" data-settings=\"{&quot;background_background&quot;:&quot;classic&quot;}\">\n\t\t\t\t\t\t\t<div class=\"elementor-background-overlay\"><\/div>\n\t\t\t\t\t\t\t<div class=\"elementor-container elementor-column-gap-default\">\n\t\t\t\t\t<div class=\"elementor-column elementor-col-100 elementor-top-column elementor-element elementor-element-0ca8923\" data-id=\"0ca8923\" data-element_type=\"column\" data-e-type=\"column\">\n\t\t\t<div class=\"elementor-widget-wrap elementor-element-populated\">\n\t\t\t\t\t\t<div class=\"elementor-element elementor-element-8bf8f82 elementor-widget elementor-widget-heading\" data-id=\"8bf8f82\" data-element_type=\"widget\" data-e-type=\"widget\" data-widget_type=\"heading.default\">\n\t\t\t\t<div class=\"elementor-widget-container\">\n\t\t\t\t\t<h1 class=\"elementor-heading-title elementor-size-default\">Este es tu carrito de boom box<\/h1>\t\t\t\t<\/div>\n\t\t\t\t<\/div>\n\t\t\t\t<div class=\"elementor-element elementor-element-f2c2039 elementor-widget elementor-widget-text-editor\" data-id=\"f2c2039\" data-element_type=\"widget\" data-e-type=\"widget\" data-widget_type=\"text-editor.default\">\n\t\t\t\t<div class=\"elementor-widget-container\">\n\t\t\t\t\t\t\t\t\t<p>Si quieres que llegue tu cajita llena de sorpresas aseg\u00farate de poner bien la direcci\u00f3n<\/p>\t\t\t\t\t\t\t\t<\/div>\n\t\t\t\t<\/div>\n\t\t\t\t\t<\/div>\n\t\t<\/div>\n\t\t\t\t\t<\/div>\n\t\t<\/section>\n\t\t<div class=\"elementor-element elementor-element-510e969 e-flex e-con-boxed wpr-particle-no wpr-jarallax-no wpr-parallax-no wpr-sticky-section-no e-con e-parent\" data-id=\"510e969\" data-element_type=\"container\" data-e-type=\"container\">\n\t\t\t\t\t<div class=\"e-con-inner\">\n\t\t\t\t<div class=\"elementor-element elementor-element-4a91440 elementor-widget elementor-widget-spacer\" data-id=\"4a91440\" data-element_type=\"widget\" data-e-type=\"widget\" data-widget_type=\"spacer.default\">\n\t\t\t\t<div class=\"elementor-widget-container\">\n\t\t\t\t\t\t\t<div class=\"elementor-spacer\">\n\t\t\t<div class=\"elementor-spacer-inner\"><\/div>\n\t\t<\/div>\n\t\t\t\t\t\t<\/div>\n\t\t\t\t<\/div>\n\t\t\t\t<div class=\"elementor-element elementor-element-74bcd66 elementor-widget elementor-widget-eael-woo-cart\" data-id=\"74bcd66\" data-element_type=\"widget\" data-e-type=\"widget\" data-settings=\"{&quot;eael_woo_cart_table_components_remove_icon&quot;:{&quot;value&quot;:&quot;fas fa-times&quot;,&quot;library&quot;:&quot;fa-solid&quot;},&quot;eael_woo_cart_components_continue_shopping_icon&quot;:{&quot;value&quot;:&quot;fas fa-chevron-left&quot;,&quot;library&quot;:&quot;fa-solid&quot;}}\" data-widget_type=\"eael-woo-cart.default\">\n\t\t\t\t<div class=\"elementor-widget-container\">\n\t\t\t\t\t\t\t\t\t<div class=\"eael-woo-cart-wrapper eael-woo-cart-empty eael-woo-style-2 eael-auto-update33\">\n\t\t\t\t<div class=\"woocommerce-notices-wrapper\"><\/div><div class=\"wc-empty-cart-message\">\n\t<div class=\"cart-empty woocommerce-info\">\n\t\tEn este momento tu carrito est\u00e1 vac\u00edo.\t<\/div>\n<\/div>\t<p class=\"return-to-shop\">\n\t\t<a class=\"button wc-backward\" href=\"https:\/\/boomboxspain.com\/?page_id=7\">\n\t\t\tVolver a la tienda\t\t<\/a>\n\t<\/p>\n                <\/div>\n\t\t\t\t        <script>document.body.classList.add(\"eael-woo-cart\");<\/script>\n\t\t\t\t\t\t<\/div>\n\t\t\t\t<\/div>\n\t\t\t\t\t<\/div>\n\t\t\t\t<\/div>\n\t\t<div class=\"elementor-element elementor-element-f14f0b2 e-flex e-con-boxed wpr-particle-no wpr-jarallax-no wpr-parallax-no wpr-sticky-section-no e-con e-parent\" data-id=\"f14f0b2\" data-element_type=\"container\" data-e-type=\"container\">\n\t\t\t\t\t<div class=\"e-con-inner\">\n\t\t\t\t<div class=\"elementor-element elementor-element-cdfabd2 elementor-widget elementor-widget-eael-woo-product-carousel\" data-id=\"cdfabd2\" data-element_type=\"widget\" data-e-type=\"widget\" data-widget_type=\"eael-woo-product-carousel.default\">\n\t\t\t\t<div class=\"elementor-widget-container\">\n\t\t\t\t\t\n        <div class=\"swiper-container-wrap eael-woo-product-carousel-container preset-3 swiper-container-wrap-dots-outside\" id=\"eael-product-carousel-cdfabd2\" data-widget-id=\"cdfabd2\" >\n            <div class=\"woocommerce eael-woo-product-carousel eael-product-appender-cdfabd2 eael-hover-buttons swiper swiper-8 swiper-container-cdfabd2 swiper-image-stretch\" data-pagination=\".swiper-pagination-cdfabd2\" data-arrow-next=\".swiper-button-next-cdfabd2\" data-arrow-prev=\".swiper-button-prev-cdfabd2\" data-type=\"preset-3\" data-effect=\"slide\" data-items=\"3\" data-slide-items=\"1\" data-margin=\"10\" data-speed=\"400\" data-autoplay=\"2000\" data-loop=\"1\" data-dots=\"1\"><div class=\"products swiper-wrapper\">    <div class=\"product swiper-slide post-3739 type-product status-publish product_cat-sin-categorizar entry first instock taxable shipping-taxable purchasable product-type-simple has-product-nav col span_1_of_3 owp-content-center owp-thumbs-layout-horizontal owp-btn-big owp-tabs-layout-horizontal has-no-thumbnails\">\n        <div class=\"eael-product-carousel \">\n            <div class=\"product-image-wrap\">\n                <div class=\"image-wrap\">\n                    <img fetchpriority=\"high\" decoding=\"async\" width=\"300\" height=\"300\" src=\"https:\/\/boomboxspain.com\/wp-content\/uploads\/woocommerce-placeholder-300x300.png\" class=\"woocommerce-placeholder wp-post-image\" alt=\"Marcador\" loading=\"eager\" srcset=\"https:\/\/boomboxspain.com\/wp-content\/uploads\/woocommerce-placeholder-300x300.png 300w, https:\/\/boomboxspain.com\/wp-content\/uploads\/woocommerce-placeholder-100x100.png 100w, https:\/\/boomboxspain.com\/wp-content\/uploads\/woocommerce-placeholder-600x600.png 600w, https:\/\/boomboxspain.com\/wp-content\/uploads\/woocommerce-placeholder-1024x1024.png 1024w, https:\/\/boomboxspain.com\/wp-content\/uploads\/woocommerce-placeholder-150x150.png 150w, https:\/\/boomboxspain.com\/wp-content\/uploads\/woocommerce-placeholder-768x768.png 768w, https:\/\/boomboxspain.com\/wp-content\/uploads\/woocommerce-placeholder.png 1200w\" sizes=\"(max-width: 300px) 100vw, 300px\" \/>                <\/div>\n                <div class=\"image-hover-wrap\">\n                    <ul class=\"icons-wrap block-style\">\n                                                    <li class=\"add-to-cart\"><a href=\"\/index.php?rest_route=%2Fwp%2Fv2%2Fpages%2F8&#038;add-to-cart=3739\" aria-describedby=\"woocommerce_loop_add_to_cart_link_describedby_3739\" data-quantity=\"1\" class=\"button product_type_simple add_to_cart_button ajax_add_to_cart\" data-product_id=\"3739\" data-product_sku=\"\" aria-label=\"A\u00f1adir al carrito: &ldquo;sub x caja grande&rdquo;\" rel=\"nofollow\" data-success_message=\"\u00absub x caja grande\u00bb se ha a\u00f1adido a tu carrito\" role=\"button\">A\u00f1adir al carrito<\/a>\t<span id=\"woocommerce_loop_add_to_cart_link_describedby_3739\" class=\"screen-reader-text\">\n\t\t\t<\/span>\n<\/li>\n                        \t                                                <li class=\"eael-product-quick-view\">\n                                <a id=\"eael_quick_view_69d27f784d293\" data-quickview-setting=\"{&quot;widget_id&quot;:&quot;cdfabd2&quot;,&quot;product_id&quot;:3739,&quot;page_id&quot;:8}\"\n                                   class=\"open-popup-link\">\n                                    <i class=\"fas fa-eye\"><\/i>\n                                <\/a>\n                            <\/li>\n\t                                            <li class=\"view-details\"><a href=\"https:\/\/boomboxspain.com\/?product=sub-x-caja-grande\"><i class=\"fas fa-link\"><\/i><\/a><\/li>\n\n                    <\/ul>\n                                    <\/div>\n            <\/div>\n            <div class=\"product-details-wrap\">\n\t            <div class=\"eael-product-title\"><h2>sub x caja grande<\/h2><\/div><div class=\"eael-product-price\"><span class=\"woocommerce-Price-amount amount\"><bdi>60,00&nbsp;<span class=\"woocommerce-Price-currencySymbol\">&euro;<\/span><\/bdi><\/span> <small class=\"woocommerce-price-suffix\">IVA Incluido<\/small><\/div><div class=\"eael-star-rating\"><div class=\"eael-star-rating star-rating\"><span style=\"width:0%\">Valorado con <strong class=\"rating\">0<\/strong> de 5<\/span><\/div><\/div>\n            <\/div>\n        <\/div>\n\t<\/div>\n        <div class=\"product swiper-slide post-3711 type-product status-publish has-post-thumbnail product_cat-sin-categorizar entry has-media  instock taxable shipping-taxable purchasable product-type-simple has-product-nav col span_1_of_3 owp-content-center owp-thumbs-layout-horizontal owp-btn-big owp-tabs-layout-horizontal has-no-thumbnails\">\n        <div class=\"eael-product-carousel \">\n            <div class=\"product-image-wrap\">\n                <div class=\"image-wrap\">\n                    <img decoding=\"async\" width=\"300\" height=\"150\" src=\"https:\/\/boomboxspain.com\/wp-content\/uploads\/2026\/01\/gb942f42e385b6f05789866ac490dde9014a785de84de21267f5dae672babda78cf0f9fdc23192d8d50d75d44ba04eb8e8c9ccdd8b1badb873db19d32906aa770_1280-10067740-300x150.jpg\" class=\"attachment-medium size-medium\" alt=\"technology, circuit, circuit board, digital, futuristic, electronic, design, programming, data, blue, pink, 3d model, technological advancement, artificial intelligence, innovation, cyber, light effect, electric circuits, high-tech, scientific, dark mood\" loading=\"eager\" srcset=\"https:\/\/boomboxspain.com\/wp-content\/uploads\/2026\/01\/gb942f42e385b6f05789866ac490dde9014a785de84de21267f5dae672babda78cf0f9fdc23192d8d50d75d44ba04eb8e8c9ccdd8b1badb873db19d32906aa770_1280-10067740-300x150.jpg 300w, https:\/\/boomboxspain.com\/wp-content\/uploads\/2026\/01\/gb942f42e385b6f05789866ac490dde9014a785de84de21267f5dae672babda78cf0f9fdc23192d8d50d75d44ba04eb8e8c9ccdd8b1badb873db19d32906aa770_1280-10067740-1024x512.jpg 1024w, https:\/\/boomboxspain.com\/wp-content\/uploads\/2026\/01\/gb942f42e385b6f05789866ac490dde9014a785de84de21267f5dae672babda78cf0f9fdc23192d8d50d75d44ba04eb8e8c9ccdd8b1badb873db19d32906aa770_1280-10067740-768x384.jpg 768w, https:\/\/boomboxspain.com\/wp-content\/uploads\/2026\/01\/gb942f42e385b6f05789866ac490dde9014a785de84de21267f5dae672babda78cf0f9fdc23192d8d50d75d44ba04eb8e8c9ccdd8b1badb873db19d32906aa770_1280-10067740-600x300.jpg 600w, https:\/\/boomboxspain.com\/wp-content\/uploads\/2026\/01\/gb942f42e385b6f05789866ac490dde9014a785de84de21267f5dae672babda78cf0f9fdc23192d8d50d75d44ba04eb8e8c9ccdd8b1badb873db19d32906aa770_1280-10067740.jpg 1280w\" sizes=\"(max-width: 300px) 100vw, 300px\" \/>                <\/div>\n                <div class=\"image-hover-wrap\">\n                    <ul class=\"icons-wrap block-style\">\n                                                    <li class=\"add-to-cart\"><a href=\"\/index.php?rest_route=%2Fwp%2Fv2%2Fpages%2F8&#038;add-to-cart=3711\" aria-describedby=\"woocommerce_loop_add_to_cart_link_describedby_3711\" data-quantity=\"1\" class=\"button product_type_simple add_to_cart_button ajax_add_to_cart\" data-product_id=\"3711\" data-product_sku=\"\" aria-label=\"A\u00f1adir al carrito: &ldquo;ALLABOOM TOP + CAJA 35&rdquo;\" rel=\"nofollow\" data-success_message=\"\u00abALLABOOM TOP + CAJA 35\u00bb se ha a\u00f1adido a tu carrito\" role=\"button\">A\u00f1adir al carrito<\/a>\t<span id=\"woocommerce_loop_add_to_cart_link_describedby_3711\" class=\"screen-reader-text\">\n\t\t\t<\/span>\n<\/li>\n                        \t                                                <li class=\"eael-product-quick-view\">\n                                <a id=\"eael_quick_view_69d27f784e771\" data-quickview-setting=\"{&quot;widget_id&quot;:&quot;cdfabd2&quot;,&quot;product_id&quot;:3711,&quot;page_id&quot;:8}\"\n                                   class=\"open-popup-link\">\n                                    <i class=\"fas fa-eye\"><\/i>\n                                <\/a>\n                            <\/li>\n\t                                            <li class=\"view-details\"><a href=\"https:\/\/boomboxspain.com\/?product=especial-caja-tecno\"><i class=\"fas fa-link\"><\/i><\/a><\/li>\n\n                    <\/ul>\n                                    <\/div>\n            <\/div>\n            <div class=\"product-details-wrap\">\n\t            <div class=\"eael-product-title\"><h2>ALLABOOM TOP + CAJA 35<\/h2><\/div><div class=\"eael-product-price\"><span class=\"woocommerce-Price-amount amount\"><bdi>99,00&nbsp;<span class=\"woocommerce-Price-currencySymbol\">&euro;<\/span><\/bdi><\/span> <small class=\"woocommerce-price-suffix\">IVA Incluido<\/small><\/div><div class=\"eael-star-rating\"><div class=\"eael-star-rating star-rating\"><span style=\"width:0%\">Valorado con <strong class=\"rating\">0<\/strong> de 5<\/span><\/div><\/div>\n            <\/div>\n        <\/div>\n\t<\/div>\n        <div class=\"product swiper-slide post-3702 type-product status-publish has-post-thumbnail product_cat-sin-categorizar entry has-media last instock taxable shipping-taxable purchasable product-type-simple has-product-nav col span_1_of_3 owp-content-center owp-thumbs-layout-horizontal owp-btn-big owp-tabs-layout-horizontal has-no-thumbnails\">\n        <div class=\"eael-product-carousel \">\n            <div class=\"product-image-wrap\">\n                <div class=\"image-wrap\">\n                    <img decoding=\"async\" width=\"300\" height=\"225\" src=\"https:\/\/boomboxspain.com\/wp-content\/uploads\/2026\/02\/17705084897017121889666526204125-scaled-e1770508562798-300x225.jpg\" class=\"attachment-medium size-medium\" alt=\"ASPIRADOR ENCHEN\" loading=\"eager\" srcset=\"https:\/\/boomboxspain.com\/wp-content\/uploads\/2026\/02\/17705084897017121889666526204125-scaled-e1770508562798-300x225.jpg 300w, https:\/\/boomboxspain.com\/wp-content\/uploads\/2026\/02\/17705084897017121889666526204125-scaled-e1770508562798-1024x768.jpg 1024w, https:\/\/boomboxspain.com\/wp-content\/uploads\/2026\/02\/17705084897017121889666526204125-scaled-e1770508562798-768x576.jpg 768w, https:\/\/boomboxspain.com\/wp-content\/uploads\/2026\/02\/17705084897017121889666526204125-scaled-e1770508562798-1536x1152.jpg 1536w, https:\/\/boomboxspain.com\/wp-content\/uploads\/2026\/02\/17705084897017121889666526204125-scaled-e1770508562798-2048x1536.jpg 2048w, https:\/\/boomboxspain.com\/wp-content\/uploads\/2026\/02\/17705084897017121889666526204125-scaled-e1770508562798-600x450.jpg 600w\" sizes=\"(max-width: 300px) 100vw, 300px\" \/>                <\/div>\n                <div class=\"image-hover-wrap\">\n                    <ul class=\"icons-wrap block-style\">\n                                                    <li class=\"add-to-cart\"><a href=\"\/index.php?rest_route=%2Fwp%2Fv2%2Fpages%2F8&#038;add-to-cart=3702\" aria-describedby=\"woocommerce_loop_add_to_cart_link_describedby_3702\" data-quantity=\"1\" class=\"button product_type_simple add_to_cart_button ajax_add_to_cart\" data-product_id=\"3702\" data-product_sku=\"\" aria-label=\"A\u00f1adir al carrito: &ldquo;ASPIRADOR ENCHEN&rdquo;\" rel=\"nofollow\" data-success_message=\"\u00abASPIRADOR ENCHEN\u00bb se ha a\u00f1adido a tu carrito\" role=\"button\">A\u00f1adir al carrito<\/a>\t<span id=\"woocommerce_loop_add_to_cart_link_describedby_3702\" class=\"screen-reader-text\">\n\t\t\t<\/span>\n<\/li>\n                        \t                                                <li class=\"eael-product-quick-view\">\n                                <a id=\"eael_quick_view_69d27f784f5ae\" data-quickview-setting=\"{&quot;widget_id&quot;:&quot;cdfabd2&quot;,&quot;product_id&quot;:3702,&quot;page_id&quot;:8}\"\n                                   class=\"open-popup-link\">\n                                    <i class=\"fas fa-eye\"><\/i>\n                                <\/a>\n                            <\/li>\n\t                                            <li class=\"view-details\"><a href=\"https:\/\/boomboxspain.com\/?product=aspirador-enchen\"><i class=\"fas fa-link\"><\/i><\/a><\/li>\n\n                    <\/ul>\n                                    <\/div>\n            <\/div>\n            <div class=\"product-details-wrap\">\n\t            <div class=\"eael-product-title\"><h2>ASPIRADOR ENCHEN<\/h2><\/div><div class=\"eael-product-price\"><span class=\"woocommerce-Price-amount amount\"><bdi>59,00&nbsp;<span class=\"woocommerce-Price-currencySymbol\">&euro;<\/span><\/bdi><\/span> <small class=\"woocommerce-price-suffix\">IVA Incluido<\/small><\/div><div class=\"eael-star-rating\"><div class=\"eael-star-rating star-rating\"><span style=\"width:0%\">Valorado con <strong class=\"rating\">0<\/strong> de 5<\/span><\/div><\/div>\n            <\/div>\n        <\/div>\n\t<\/div>\n        <div class=\"product swiper-slide post-3701 type-product status-publish has-post-thumbnail product_cat-sin-categorizar entry has-media first instock taxable shipping-taxable purchasable product-type-simple has-product-nav col span_1_of_3 owp-content-center owp-thumbs-layout-horizontal owp-btn-big owp-tabs-layout-horizontal has-no-thumbnails\">\n        <div class=\"eael-product-carousel \">\n            <div class=\"product-image-wrap\">\n                <div class=\"image-wrap\">\n                    <img decoding=\"async\" width=\"300\" height=\"295\" src=\"https:\/\/boomboxspain.com\/wp-content\/uploads\/2026\/02\/IMG20260208004616-scaled-e1770508333556-300x295.jpg\" class=\"attachment-medium size-medium\" alt=\"ALTAVOZ  HEAVY BASS 200\" loading=\"eager\" srcset=\"https:\/\/boomboxspain.com\/wp-content\/uploads\/2026\/02\/IMG20260208004616-scaled-e1770508333556-300x295.jpg 300w, https:\/\/boomboxspain.com\/wp-content\/uploads\/2026\/02\/IMG20260208004616-scaled-e1770508333556-1024x1005.jpg 1024w, https:\/\/boomboxspain.com\/wp-content\/uploads\/2026\/02\/IMG20260208004616-scaled-e1770508333556-768x754.jpg 768w, https:\/\/boomboxspain.com\/wp-content\/uploads\/2026\/02\/IMG20260208004616-scaled-e1770508333556-600x589.jpg 600w, https:\/\/boomboxspain.com\/wp-content\/uploads\/2026\/02\/IMG20260208004616-scaled-e1770508333556.jpg 1438w\" sizes=\"(max-width: 300px) 100vw, 300px\" \/>                <\/div>\n                <div class=\"image-hover-wrap\">\n                    <ul class=\"icons-wrap block-style\">\n                                                    <li class=\"add-to-cart\"><a href=\"\/index.php?rest_route=%2Fwp%2Fv2%2Fpages%2F8&#038;add-to-cart=3701\" aria-describedby=\"woocommerce_loop_add_to_cart_link_describedby_3701\" data-quantity=\"1\" class=\"button product_type_simple add_to_cart_button ajax_add_to_cart\" data-product_id=\"3701\" data-product_sku=\"\" aria-label=\"A\u00f1adir al carrito: &ldquo;ALTAVOZ  HEAVY BASS 200&rdquo;\" rel=\"nofollow\" data-success_message=\"\u00abALTAVOZ  HEAVY BASS 200\u00bb se ha a\u00f1adido a tu carrito\" role=\"button\">A\u00f1adir al carrito<\/a>\t<span id=\"woocommerce_loop_add_to_cart_link_describedby_3701\" class=\"screen-reader-text\">\n\t\t\t<\/span>\n<\/li>\n                        \t                                                <li class=\"eael-product-quick-view\">\n                                <a id=\"eael_quick_view_69d27f7850351\" data-quickview-setting=\"{&quot;widget_id&quot;:&quot;cdfabd2&quot;,&quot;product_id&quot;:3701,&quot;page_id&quot;:8}\"\n                                   class=\"open-popup-link\">\n                                    <i class=\"fas fa-eye\"><\/i>\n                                <\/a>\n                            <\/li>\n\t                                            <li class=\"view-details\"><a href=\"https:\/\/boomboxspain.com\/?product=altavoz-heavy-bass-200\"><i class=\"fas fa-link\"><\/i><\/a><\/li>\n\n                    <\/ul>\n                                    <\/div>\n            <\/div>\n            <div class=\"product-details-wrap\">\n\t            <div class=\"eael-product-title\"><h2>ALTAVOZ  HEAVY BASS 200<\/h2><\/div><div class=\"eael-product-price\"><span class=\"woocommerce-Price-amount amount\"><bdi>129,00&nbsp;<span class=\"woocommerce-Price-currencySymbol\">&euro;<\/span><\/bdi><\/span> <small class=\"woocommerce-price-suffix\">IVA Incluido<\/small><\/div><div class=\"eael-star-rating\"><div class=\"eael-star-rating star-rating\"><span style=\"width:0%\">Valorado con <strong class=\"rating\">0<\/strong> de 5<\/span><\/div><\/div>\n            <\/div>\n        <\/div>\n\t<\/div>\n    <\/div><\/div>            <!-- Add Pagination -->\n            <div class=\"swiper-pagination swiper-pagination-cdfabd2 dots-preset-1\"><\/div>\n                <\/div>\n        \t\t\t\t<\/div>\n\t\t\t\t<\/div>\n\t\t\t\t<div class=\"elementor-element elementor-element-8996222 elementor-widget elementor-widget-spacer\" data-id=\"8996222\" data-element_type=\"widget\" data-e-type=\"widget\" data-widget_type=\"spacer.default\">\n\t\t\t\t<div class=\"elementor-widget-container\">\n\t\t\t\t\t\t\t<div class=\"elementor-spacer\">\n\t\t\t<div class=\"elementor-spacer-inner\"><\/div>\n\t\t<\/div>\n\t\t\t\t\t\t<\/div>\n\t\t\t\t<\/div>\n\t\t\t\t\t<\/div>\n\t\t\t\t<\/div>\n\t\t\t\t<\/div>\n\t\t","protected":false},"excerpt":{"rendered":"<p>Este es tu carrito de boom box Si quieres que llegue tu cajita llena de sorpresas aseg\u00farate de poner bien la direcci\u00f3n En este momento tu carrito est\u00e1 vac\u00edo. Volver a la tienda A\u00f1adir al carrito PRODUCTO PRUEBA 1,00&nbsp;&euro; IVA IncluidoValorado con 0 de 5 A\u00f1adir al carrito Mini Altavoz 10,00&nbsp;&euro; IVA IncluidoValorado con 0 de 5 A\u00f1adir al carrito Auriculares Super PROMAX 50,00&nbsp;&euro; IVA IncluidoValorado con 0 de 5 A\u00f1adir al carrito Boom 100 100,00&nbsp;&euro; IVA IncluidoValorado con 0 de 5<\/p>\n","protected":false},"author":1,"featured_media":0,"parent":0,"menu_order":0,"comment_status":"closed","ping_status":"closed","template":"elementor_header_footer","meta":{"_eb_attr":"","ocean_post_layout":"","ocean_both_sidebars_style":"","ocean_both_sidebars_content_width":0,"ocean_both_sidebars_sidebars_width":0,"ocean_sidebar":"","ocean_second_sidebar":"","ocean_disable_margins":"enable","ocean_add_body_class":"","ocean_shortcode_before_top_bar":"","ocean_shortcode_after_top_bar":"","ocean_shortcode_before_header":"","ocean_shortcode_after_header":"","ocean_has_shortcode":"","ocean_shortcode_after_title":"","ocean_shortcode_before_footer_widgets":"","ocean_shortcode_after_footer_widgets":"","ocean_shortcode_before_footer_bottom":"","ocean_shortcode_after_footer_bottom":"","ocean_display_top_bar":"default","ocean_display_header":"default","ocean_header_style":"","ocean_center_header_left_menu":"","ocean_custom_header_template":"","ocean_custom_logo":0,"ocean_custom_retina_logo":0,"ocean_custom_logo_max_width":0,"ocean_custom_logo_tablet_max_width":0,"ocean_custom_logo_mobile_max_width":0,"ocean_custom_logo_max_height":0,"ocean_custom_logo_tablet_max_height":0,"ocean_custom_logo_mobile_max_height":0,"ocean_header_custom_menu":"","ocean_menu_typo_font_family":"","ocean_menu_typo_font_subset":"","ocean_menu_typo_font_size":0,"ocean_menu_typo_font_size_tablet":0,"ocean_menu_typo_font_size_mobile":0,"ocean_menu_typo_font_size_unit":"px","ocean_menu_typo_font_weight":"","ocean_menu_typo_font_weight_tablet":"","ocean_menu_typo_font_weight_mobile":"","ocean_menu_typo_transform":"","ocean_menu_typo_transform_tablet":"","ocean_menu_typo_transform_mobile":"","ocean_menu_typo_line_height":0,"ocean_menu_typo_line_height_tablet":0,"ocean_menu_typo_line_height_mobile":0,"ocean_menu_typo_line_height_unit":"","ocean_menu_typo_spacing":0,"ocean_menu_typo_spacing_tablet":0,"ocean_menu_typo_spacing_mobile":0,"ocean_menu_typo_spacing_unit":"","ocean_menu_link_color":"","ocean_menu_link_color_hover":"","ocean_menu_link_color_active":"","ocean_menu_link_background":"","ocean_menu_link_hover_background":"","ocean_menu_link_active_background":"","ocean_menu_social_links_bg":"","ocean_menu_social_hover_links_bg":"","ocean_menu_social_links_color":"","ocean_menu_social_hover_links_color":"","ocean_disable_title":"default","ocean_disable_heading":"default","ocean_post_title":"","ocean_post_subheading":"","ocean_post_title_style":"","ocean_post_title_background_color":"","ocean_post_title_background":0,"ocean_post_title_bg_image_position":"","ocean_post_title_bg_image_attachment":"","ocean_post_title_bg_image_repeat":"","ocean_post_title_bg_image_size":"","ocean_post_title_height":0,"ocean_post_title_bg_overlay":0.5,"ocean_post_title_bg_overlay_color":"","ocean_disable_breadcrumbs":"default","ocean_breadcrumbs_color":"","ocean_breadcrumbs_separator_color":"","ocean_breadcrumbs_links_color":"","ocean_breadcrumbs_links_hover_color":"","ocean_display_footer_widgets":"default","ocean_display_footer_bottom":"default","ocean_custom_footer_template":"","footnotes":""},"class_list":["post-8","page","type-page","status-publish","hentry","entry","has-media","has-product-nav","col","span_1_of_3","owp-content-center","owp-thumbs-layout-horizontal","owp-btn-big","owp-tabs-layout-horizontal","has-no-thumbnails"],"jetpack_sharing_enabled":true,"_links":{"self":[{"href":"https:\/\/boomboxspain.com\/index.php?rest_route=\/wp\/v2\/pages\/8","targetHints":{"allow":["GET"]}}],"collection":[{"href":"https:\/\/boomboxspain.com\/index.php?rest_route=\/wp\/v2\/pages"}],"about":[{"href":"https:\/\/boomboxspain.com\/index.php?rest_route=\/wp\/v2\/types\/page"}],"author":[{"embeddable":true,"href":"https:\/\/boomboxspain.com\/index.php?rest_route=\/wp\/v2\/users\/1"}],"replies":[{"embeddable":true,"href":"https:\/\/boomboxspain.com\/index.php?rest_route=%2Fwp%2Fv2%2Fcomments&post=8"}],"version-history":[{"count":0,"href":"https:\/\/boomboxspain.com\/index.php?rest_route=\/wp\/v2\/pages\/8\/revisions"}],"wp:attachment":[{"href":"https:\/\/boomboxspain.com\/index.php?rest_route=%2Fwp%2Fv2%2Fmedia&parent=8"}],"curies":[{"name":"wp","href":"https:\/\/api.w.org\/{rel}","templated":true}]}}